{"id":1494,"date":"2022-11-24T11:52:54","date_gmt":"2022-11-24T10:52:54","guid":{"rendered":"https:\/\/www.narvikhavn.no\/?page_id=1494"},"modified":"2023-02-10T15:08:05","modified_gmt":"2023-02-10T14:08:05","slug":"gods-bulk","status":"publish","type":"page","link":"https:\/\/www.narvikhavn.no\/en\/gods-bulk\/","title":{"rendered":"Goods \/ Bulk"},"content":{"rendered":"\n<h2 class=\"wp-block-heading\">Generell Cargo<\/h2>\n\n\n\n<p>Foruten malm fra gruvedrift, frakter banen forbruksvarer nordover. Om lag 90 prosent av dagligvarene i butikkene til Norgesgruppen, Rema 1000 og Coop i Finnmark, Troms og nordlige Nordland fraktes inn til landsdelen over Ofotbanen. Hvert \u00e5r fraktes 65.000 containere inn og ut av Narvik med banen. Andre vei fraktes i dag 120.000 tonn fisk, som utgj\u00f8r 50 prosent av all fisk som g\u00e5r p\u00e5 tog ut av Norge. All denne transporten har potensiale for sterk vekst. Transport av fisk s\u00f8rover til markedene i Europa med Ofotbanen fra Narvik er et raskt, effektiv, \u00f8konomisk og ikke minst milj\u00f8vennlig alternativ.<\/p>\n\n\n\n<p>Signaler om \u00f8kt mineralproduksjon i Sverige og Finland vil \u00f8ke behovet for st\u00f8rre utskipningshavn fra allerede eksisterende brukere av havna. \u00d8kt containertrafikk er ogs\u00e5 forventet. Den \u00f8kte kapasiteten p\u00e5 Ofotbanen vil generere ny trafikk og behov for nye terminalomr\u00e5der<\/p>\n\n\n\n<h2 class=\"wp-block-heading\">Bulk<\/h2>\n\n\n\n<p>Narvik havn best\u00e5r av fire havneavsnitt: LKABs bulk terminal, sentrale havneomr\u00e5de med utstikkerkaiene, Skarvenes bulk terminal, samt dypvannskai p\u00e5 Fagernes med intermodale fasiliteter.<\/p>\n\n\n\n<figure class=\"wp-block-image size-full\"><img loading=\"lazy\" decoding=\"async\" width=\"500\" height=\"414\" src=\"https:\/\/www.narvikhavn.no\/wp-content\/uploads\/2023\/01\/bilde4_500x414.jpeg\" alt=\"\" class=\"wp-image-758\"\/><\/figure>\n","protected":false},"excerpt":{"rendered":"<p>Generell Cargo Foruten malm fra gruvedrift, frakter banen forbruksvarer nordover. Om lag 90 prosent av dagligvarene i butikkene til Norgesgruppen, Rema 1000 og Coop i Finnmark, Troms og nordlige Nordland fraktes inn til landsdelen over Ofotbanen. Hvert \u00e5r fraktes 65.000 containere inn og ut av Narvik med banen. Andre vei fraktes i dag 120.000 tonn [&hellip;]<\/p>\n","protected":false},"author":1,"featured_media":767,"parent":0,"menu_order":0,"comment_status":"closed","ping_status":"closed","template":"","meta":{"_acf_changed":false,"inline_featured_image":false,"_monsterinsights_skip_tracking":false,"_monsterinsights_sitenote_active":false,"_monsterinsights_sitenote_note":"","_monsterinsights_sitenote_category":0,"_uf_show_specific_survey":0,"_uf_disable_surveys":false,"footnotes":""},"class_list":["post-1494","page","type-page","status-publish","has-post-thumbnail","hentry"],"acf":[],"aioseo_notices":[],"_links":{"self":[{"href":"https:\/\/www.narvikhavn.no\/en\/wp-json\/wp\/v2\/pages\/1494","targetHints":{"allow":["GET"]}}],"collection":[{"href":"https:\/\/www.narvikhavn.no\/en\/wp-json\/wp\/v2\/pages"}],"about":[{"href":"https:\/\/www.narvikhavn.no\/en\/wp-json\/wp\/v2\/types\/page"}],"author":[{"embeddable":true,"href":"https:\/\/www.narvikhavn.no\/en\/wp-json\/wp\/v2\/users\/1"}],"replies":[{"embeddable":true,"href":"https:\/\/www.narvikhavn.no\/en\/wp-json\/wp\/v2\/comments?post=1494"}],"version-history":[{"count":2,"href":"https:\/\/www.narvikhavn.no\/en\/wp-json\/wp\/v2\/pages\/1494\/revisions"}],"predecessor-version":[{"id":1748,"href":"https:\/\/www.narvikhavn.no\/en\/wp-json\/wp\/v2\/pages\/1494\/revisions\/1748"}],"wp:featuredmedia":[{"embeddable":true,"href":"https:\/\/www.narvikhavn.no\/en\/wp-json\/wp\/v2\/media\/767"}],"wp:attachment":[{"href":"https:\/\/www.narvikhavn.no\/en\/wp-json\/wp\/v2\/media?parent=1494"}],"curies":[{"name":"wp","href":"https:\/\/api.w.org\/{rel}","templated":true}]}}