{"id":1527,"date":"2023-01-16T14:28:41","date_gmt":"2023-01-16T13:28:41","guid":{"rendered":"https:\/\/www.narvikhavn.no\/?page_id=1527"},"modified":"2023-02-07T12:36:33","modified_gmt":"2023-02-07T11:36:33","slug":"cargo","status":"publish","type":"page","link":"https:\/\/www.narvikhavn.no\/en\/gods-bulk\/cargo\/","title":{"rendered":"Cargo"},"content":{"rendered":"\n<p>I samarbeid med den finske togoperat\u00f8ren Nurminen Logistics tilbyr vi n\u00e5 godsleveranser d\u00f8r til d\u00f8r.<\/p>\n\n\n\n<ul class=\"wp-block-list\">\n<li>Norge, Sverige og Finland<\/li>\n\n\n\n<li>Baltikum og Sentral Europa<\/li>\n\n\n\n<li>Asia (Kina, Japan, Korea, Vietnam)<\/li>\n<\/ul>\n\n\n\n<p>V\u00e5rt m\u00e5l er \u00e5 v\u00e6re et supplement til eksisterende godsruter b\u00e5de p\u00e5 sj\u00f8 og med fly. Denne transportkorridoren svarer til FN\u2019s b\u00e6rekraftsm\u00e5l da hele strekningen er elektrifisert.<\/p>\n\n\n\n<p>Vi har siden f\u00f8rste container ankom i august 2020 hatt en jevn \u00f8kning av foresp\u00f8rsler og bookinger.<\/p>\n\n\n\n<ul class=\"wp-block-list\">\n<li>Togoperat\u00f8r og spedit\u00f8r: Nurminen Logistics Oy.<\/li>\n\n\n\n<li>Containergods, FCL og LCL tjenester.<\/li>\n\n\n\n<li>Gr\u00f8nn transportkorridor mellom Europa og Asia (97% lavere CO2 utslipp sammenlignet med fly).<\/li>\n\n\n\n<li>Tog frekvens: ukentlig.<\/li>\n\n\n\n<li>Sporingsutstyr og temperaturkontroll I hver container.<\/li>\n\n\n\n<li>Leie av containere er mulig.<\/li>\n\n\n\n<li>Container depo i Narvik, Helsinki.<\/li>\n\n\n\n<li>Kapasitet for prosjektlast.<\/li>\n\n\n\n<li>Multimodal l\u00f8sning, \u00abAll inclusive\u00bb l\u00f8sning.<\/li>\n<\/ul>\n\n\n\n<figure class=\"wp-block-gallery has-nested-images columns-default is-cropped wp-block-gallery-1 is-layout-flex wp-block-gallery-is-layout-flex\">\n<figure class=\"wp-block-image size-large\"><img loading=\"lazy\" decoding=\"async\" width=\"560\" height=\"400\" data-id=\"1428\" src=\"https:\/\/www.narvikhavn.no\/wp-content\/uploads\/2023\/02\/fromtonarvik-1.jpg\" alt=\"\" class=\"wp-image-1428\"\/><\/figure>\n<\/figure>\n\n\n\n<h2 class=\"wp-block-heading\"><strong>Kontakt i Norge<\/strong><\/h2>\n\n\n\n<div class=\"wp-block-columns is-layout-flex wp-container-core-columns-is-layout-9d6595d7 wp-block-columns-is-layout-flex\">\n<div class=\"wp-block-column is-layout-flow wp-block-column-is-layout-flow\">\n<p><strong>Grether Holmer Parker<br><\/strong>Salg- og Markedssjef<\/p>\n\n\n\n<p><a href=\"mailto:gp@narvikhavn.no\">gp@narvikhavn.no<\/a><\/p>\n\n\n\n<p><a href=\"tel:+47 99 00 58 42\" title=\"\">+47 99 00 58 42<\/a><\/p>\n<\/div>\n\n\n\n<div class=\"wp-block-column is-layout-flow wp-block-column-is-layout-flow\">\n<p><strong>Anna Filina<\/strong><br>Prosjektkoordinator<\/p>\n\n\n\n<p><a href=\"mailto:af@narvikhavn.no\">af@narvikhavn.no<\/a><\/p>\n\n\n\n<p><a href=\"tel:+47 46 84 19 89\" title=\"\">+47 46 84 19 89<\/a><\/p>\n<\/div>\n\n\n\n<div class=\"wp-block-column is-layout-flow wp-block-column-is-layout-flow\">\n<p><strong>Sissi Cheng Chang<\/strong><br>Prosjektkonsulent<\/p>\n\n\n\n<p><a href=\"mailto:scc@narvikhavn.no\">scc@narvikhavn.no<\/a><\/p>\n\n\n\n<p><a href=\"tel:+4791926019\" title=\"\">+47 919 26 019<\/a><\/p>\n<\/div>\n<\/div>\n\n\n\n<p><strong>Direkte booking:&nbsp;<a href=\"https:\/\/www.nurminenlogistics.com\/services\/china-northern-europe-railway-connection\/\">Nurminen Logistics Oy<\/a><\/strong><br><strong>Marjut Linnaj\u00e4rvi<\/strong><br><em>VP Sales<\/em>               <a href=\"mailto:Marjut.linnajarvi@nurminenlogistics.com\">Marjut.linnajarvi@nurminenlogistics.com<\/a>        <a href=\"tel:+358 40 571 5034\" title=\"\">+358 40 571 5034<\/a><\/p>\n\n\n\n<figure class=\"wp-block-gallery has-nested-images columns-default is-cropped wp-block-gallery-2 is-layout-flex wp-block-gallery-is-layout-flex\">\n<figure class=\"wp-block-image size-large\"><img loading=\"lazy\" decoding=\"async\" width=\"2560\" height=\"1667\" data-id=\"922\" src=\"https:\/\/www.narvikhavn.no\/wp-content\/uploads\/2023\/01\/rutekart-scaled.jpg\" alt=\"\" class=\"wp-image-922\"\/><\/figure>\n<\/figure>\n","protected":false},"excerpt":{"rendered":"<p>I samarbeid med den finske togoperat\u00f8ren Nurminen Logistics tilbyr vi n\u00e5 godsleveranser d\u00f8r til d\u00f8r. V\u00e5rt m\u00e5l er \u00e5 v\u00e6re et supplement til eksisterende godsruter b\u00e5de p\u00e5 sj\u00f8 og med fly. Denne transportkorridoren svarer til FN\u2019s b\u00e6rekraftsm\u00e5l da hele strekningen er elektrifisert. Vi har siden f\u00f8rste container ankom i august 2020 hatt en jevn \u00f8kning [&hellip;]<\/p>\n","protected":false},"author":1,"featured_media":873,"parent":1494,"menu_order":0,"comment_status":"closed","ping_status":"closed","template":"","meta":{"_acf_changed":false,"inline_featured_image":false,"_monsterinsights_skip_tracking":false,"_monsterinsights_sitenote_active":false,"_monsterinsights_sitenote_note":"","_monsterinsights_sitenote_category":0,"_uf_show_specific_survey":0,"_uf_disable_surveys":false,"footnotes":""},"class_list":["post-1527","page","type-page","status-publish","has-post-thumbnail","hentry"],"acf":[],"aioseo_notices":[],"_links":{"self":[{"href":"https:\/\/www.narvikhavn.no\/en\/wp-json\/wp\/v2\/pages\/1527","targetHints":{"allow":["GET"]}}],"collection":[{"href":"https:\/\/www.narvikhavn.no\/en\/wp-json\/wp\/v2\/pages"}],"about":[{"href":"https:\/\/www.narvikhavn.no\/en\/wp-json\/wp\/v2\/types\/page"}],"author":[{"embeddable":true,"href":"https:\/\/www.narvikhavn.no\/en\/wp-json\/wp\/v2\/users\/1"}],"replies":[{"embeddable":true,"href":"https:\/\/www.narvikhavn.no\/en\/wp-json\/wp\/v2\/comments?post=1527"}],"version-history":[{"count":1,"href":"https:\/\/www.narvikhavn.no\/en\/wp-json\/wp\/v2\/pages\/1527\/revisions"}],"predecessor-version":[{"id":1531,"href":"https:\/\/www.narvikhavn.no\/en\/wp-json\/wp\/v2\/pages\/1527\/revisions\/1531"}],"up":[{"embeddable":true,"href":"https:\/\/www.narvikhavn.no\/en\/wp-json\/wp\/v2\/pages\/1494"}],"wp:featuredmedia":[{"embeddable":true,"href":"https:\/\/www.narvikhavn.no\/en\/wp-json\/wp\/v2\/media\/873"}],"wp:attachment":[{"href":"https:\/\/www.narvikhavn.no\/en\/wp-json\/wp\/v2\/media?parent=1527"}],"curies":[{"name":"wp","href":"https:\/\/api.w.org\/{rel}","templated":true}]}}