{"id":1528,"date":"2022-11-23T12:09:57","date_gmt":"2022-11-23T11:09:57","guid":{"rendered":"https:\/\/www.narvikhavn.no\/?page_id=1528"},"modified":"2023-02-07T12:36:47","modified_gmt":"2023-02-07T11:36:47","slug":"about-narvik-havn","status":"publish","type":"page","link":"https:\/\/www.narvikhavn.no\/en\/about-narvik-havn\/","title":{"rendered":"About Narvik Havn"},"content":{"rendered":"\n<p>Utviklingen av bane og havn g\u00e5r h\u00e5nd i h\u00e5nd, helt tilbake til 1899. Byutviklingen av Narvik er resultat av dette. N\u00e5 st\u00e5r narviksamfunnet overfor store vekstmuligheter hvor havna og jernbanen vil v\u00e6re viktig i et langt perspektiv.<\/p>\n\n\n\n<p>Samfunnet er i stadig og hurtigere endring. Klimaendringer, b\u00e6rekraft, det gr\u00f8nne skiftet, gr\u00f8nn industri, sirkul\u00e6r \u00f8konomi og geopolitiske utfordringer er noen begreper og rammer som p\u00e5virker oss alle. Narvik Havn er et logistikk knutepunkt av internasjonalt format. Potensialet for videre vekst er betydelig. Havna skal ta aktiv rolle som samarbeidspartner innenfor prioriterte omr\u00e5der. Vi skal ha et kommersielt syn p\u00e5 logistikk-og n\u00e6ringsutvikling, men vi skal ogs\u00e5 ta samfunnsansvar for aktivt \u00e5 bidra til det gr\u00f8nne skiftet. <\/p>\n\n\n\n<p>Grenseoverskridende systemtenkning skal v\u00e6re b\u00e6rende tiln\u00e6rming til fremtidig logistiske l\u00f8sninger og n\u00e6ringsutvikling.<\/p>\n\n\n\n<p><\/p>\n","protected":false},"excerpt":{"rendered":"<p>Utviklingen av bane og havn g\u00e5r h\u00e5nd i h\u00e5nd, helt tilbake til 1899. Byutviklingen av Narvik er resultat av dette. N\u00e5 st\u00e5r narviksamfunnet overfor store vekstmuligheter hvor havna og jernbanen vil v\u00e6re viktig i et langt perspektiv. Samfunnet er i stadig og hurtigere endring. Klimaendringer, b\u00e6rekraft, det gr\u00f8nne skiftet, gr\u00f8nn industri, sirkul\u00e6r \u00f8konomi og geopolitiske [&hellip;]<\/p>\n","protected":false},"author":1,"featured_media":2303,"parent":0,"menu_order":0,"comment_status":"closed","ping_status":"closed","template":"","meta":{"_acf_changed":false,"inline_featured_image":false,"_monsterinsights_skip_tracking":false,"_monsterinsights_sitenote_active":false,"_monsterinsights_sitenote_note":"","_monsterinsights_sitenote_category":0,"_uf_show_specific_survey":0,"_uf_disable_surveys":false,"footnotes":""},"class_list":["post-1528","page","type-page","status-publish","has-post-thumbnail","hentry"],"acf":[],"aioseo_notices":[],"_links":{"self":[{"href":"https:\/\/www.narvikhavn.no\/en\/wp-json\/wp\/v2\/pages\/1528","targetHints":{"allow":["GET"]}}],"collection":[{"href":"https:\/\/www.narvikhavn.no\/en\/wp-json\/wp\/v2\/pages"}],"about":[{"href":"https:\/\/www.narvikhavn.no\/en\/wp-json\/wp\/v2\/types\/page"}],"author":[{"embeddable":true,"href":"https:\/\/www.narvikhavn.no\/en\/wp-json\/wp\/v2\/users\/1"}],"replies":[{"embeddable":true,"href":"https:\/\/www.narvikhavn.no\/en\/wp-json\/wp\/v2\/comments?post=1528"}],"version-history":[{"count":1,"href":"https:\/\/www.narvikhavn.no\/en\/wp-json\/wp\/v2\/pages\/1528\/revisions"}],"predecessor-version":[{"id":1532,"href":"https:\/\/www.narvikhavn.no\/en\/wp-json\/wp\/v2\/pages\/1528\/revisions\/1532"}],"wp:featuredmedia":[{"embeddable":true,"href":"https:\/\/www.narvikhavn.no\/en\/wp-json\/wp\/v2\/media\/2303"}],"wp:attachment":[{"href":"https:\/\/www.narvikhavn.no\/en\/wp-json\/wp\/v2\/media?parent=1528"}],"curies":[{"name":"wp","href":"https:\/\/api.w.org\/{rel}","templated":true}]}}