{"id":1530,"date":"2022-11-23T12:10:43","date_gmt":"2022-11-23T11:10:43","guid":{"rendered":"https:\/\/www.narvikhavn.no\/?page_id=1530"},"modified":"2023-02-07T12:37:08","modified_gmt":"2023-02-07T11:37:08","slug":"narvik-havn-kf","status":"publish","type":"page","link":"https:\/\/www.narvikhavn.no\/en\/about-narvik-havn\/narvik-havn-kf\/","title":{"rendered":"Narvik Havn KF"},"content":{"rendered":"\n<p>Narvik Havn KF har revidert eksisterende strategisk plan. Ny plan setter rammer og retning for selskapets videre utvikling i et regionalt, nasjonalt og grenseoverskridende perspektiv.<\/p>\n\n\n\n<p>Gjennom eierskapsmelding og vedtekter har v\u00e5r eier Narvik kommune klare forventninger til hva Narvik Havn KF skal bidra med i \u00e5rene fremover. Dette gjelder b\u00e5de med hensyn til kommersielle krav, men ikke minst knyttet til den viktige samfunnsrollen havna besitter.<\/p>\n\n\n\n<p>Strategisk plan for Narvik Havn KF 2022-2025 skal gjennom f\u00f8lgende satsningsomr\u00e5der bidra til verdiskapning og b\u00e6rekraft:<\/p>\n\n\n\n<ul class=\"wp-block-list\">\n<li>Mer transport p\u00e5 sj\u00f8<\/li>\n\n\n\n<li>\u00d8kt kapasitet p\u00e5 Ofotbanen<\/li>\n\n\n\n<li>Milj\u00f8vennlig havn<\/li>\n\n\n\n<li>Effektiv og veldrevet havn<\/li>\n<\/ul>\n\n\n\n<p>Strategiplanen 2022-2025 er et resultat av gode prosesser og er solid forankret b\u00e5de i organisasjonen og i styret. M\u00e5let er \u00e5 etablere et levende styringsdokument der alle medarbeiderne i Narvik havn kjenner seg igjen i og har eierskap til.<\/p>\n\n\n\n<p>Sammen skal vi ta aktiv eierskap til samfunnsutviklingen i v\u00e5r region. Ved \u00e5 sette s\u00f8kelys p\u00e5 b\u00e6rekraft, milj\u00f8 og sirkul\u00e6re l\u00f8sninger, skal vi legge til rette for utvikling av fremtidens n\u00e6ringsliv og logistikk l\u00f8sninger. <\/p>\n\n\n\n<p>Narvik Havn KF er rigget for vekst!<\/p>\n\n\n\n<p><\/p>\n\n\n\n<p><\/p>\n\n\n\n<p><\/p>\n","protected":false},"excerpt":{"rendered":"<p>Narvik Havn KF har revidert eksisterende strategisk plan. Ny plan setter rammer og retning for selskapets videre utvikling i et regionalt, nasjonalt og grenseoverskridende perspektiv. Gjennom eierskapsmelding og vedtekter har v\u00e5r eier Narvik kommune klare forventninger til hva Narvik Havn KF skal bidra med i \u00e5rene fremover. Dette gjelder b\u00e5de med hensyn til kommersielle krav, [&hellip;]<\/p>\n","protected":false},"author":1,"featured_media":974,"parent":1528,"menu_order":0,"comment_status":"closed","ping_status":"closed","template":"","meta":{"_acf_changed":false,"inline_featured_image":false,"_monsterinsights_skip_tracking":false,"_monsterinsights_sitenote_active":false,"_monsterinsights_sitenote_note":"","_monsterinsights_sitenote_category":0,"_uf_show_specific_survey":0,"_uf_disable_surveys":false,"footnotes":""},"class_list":["post-1530","page","type-page","status-publish","has-post-thumbnail","hentry"],"acf":[],"aioseo_notices":[],"_links":{"self":[{"href":"https:\/\/www.narvikhavn.no\/en\/wp-json\/wp\/v2\/pages\/1530","targetHints":{"allow":["GET"]}}],"collection":[{"href":"https:\/\/www.narvikhavn.no\/en\/wp-json\/wp\/v2\/pages"}],"about":[{"href":"https:\/\/www.narvikhavn.no\/en\/wp-json\/wp\/v2\/types\/page"}],"author":[{"embeddable":true,"href":"https:\/\/www.narvikhavn.no\/en\/wp-json\/wp\/v2\/users\/1"}],"replies":[{"embeddable":true,"href":"https:\/\/www.narvikhavn.no\/en\/wp-json\/wp\/v2\/comments?post=1530"}],"version-history":[{"count":1,"href":"https:\/\/www.narvikhavn.no\/en\/wp-json\/wp\/v2\/pages\/1530\/revisions"}],"predecessor-version":[{"id":1534,"href":"https:\/\/www.narvikhavn.no\/en\/wp-json\/wp\/v2\/pages\/1530\/revisions\/1534"}],"up":[{"embeddable":true,"href":"https:\/\/www.narvikhavn.no\/en\/wp-json\/wp\/v2\/pages\/1528"}],"wp:featuredmedia":[{"embeddable":true,"href":"https:\/\/www.narvikhavn.no\/en\/wp-json\/wp\/v2\/media\/974"}],"wp:attachment":[{"href":"https:\/\/www.narvikhavn.no\/en\/wp-json\/wp\/v2\/media?parent=1530"}],"curies":[{"name":"wp","href":"https:\/\/api.w.org\/{rel}","templated":true}]}}