{"id":1536,"date":"2023-01-09T19:16:36","date_gmt":"2023-01-09T18:16:36","guid":{"rendered":"https:\/\/www.narvikhavn.no\/?page_id=1536"},"modified":"2023-02-07T12:37:51","modified_gmt":"2023-02-07T11:37:51","slug":"joint-barents-transport-plan","status":"publish","type":"page","link":"https:\/\/www.narvikhavn.no\/en\/knutepunkt-narvik\/status\/joint-barents-transport-plan\/","title":{"rendered":"Joint Barents Transport Plan"},"content":{"rendered":"\n<p>Det er f\u00f8rste gang et slikt forslag er lagt fram, og det skjer p\u00e5 initiativ fra det norske formannskapet i Barentssamarbeidet.<\/p>\n\n\n\n<p>Transportplanen omtaler utviklingstrekk som vil p\u00e5virke transportbehovet, og ekspertgruppen som har utarbeidet planen anbefaler en rekke tiltak som kan forbedre transportsystemet.<\/p>\n\n\n\n<p>De fire transportministrene sier i en felles erkl\u00e6ring at de \u00f8nsker \u00e5 samarbeide om et bedre transportsystem i nord, og at Barentssamarbeidet er en unik arena for utviklingen av denne viktige regionen.<\/p>\n","protected":false},"excerpt":{"rendered":"<p>Det er f\u00f8rste gang et slikt forslag er lagt fram, og det skjer p\u00e5 initiativ fra det norske formannskapet i Barentssamarbeidet. Transportplanen omtaler utviklingstrekk som vil p\u00e5virke transportbehovet, og ekspertgruppen som har utarbeidet planen anbefaler en rekke tiltak som kan forbedre transportsystemet. De fire transportministrene sier i en felles erkl\u00e6ring at de \u00f8nsker \u00e5 samarbeide [&hellip;]<\/p>\n","protected":false},"author":1,"featured_media":1184,"parent":1584,"menu_order":2,"comment_status":"closed","ping_status":"closed","template":"","meta":{"_acf_changed":false,"inline_featured_image":false,"_monsterinsights_skip_tracking":false,"_monsterinsights_sitenote_active":false,"_monsterinsights_sitenote_note":"","_monsterinsights_sitenote_category":0,"_uf_show_specific_survey":0,"_uf_disable_surveys":false,"footnotes":""},"class_list":["post-1536","page","type-page","status-publish","has-post-thumbnail","hentry"],"acf":[],"aioseo_notices":[],"_links":{"self":[{"href":"https:\/\/www.narvikhavn.no\/en\/wp-json\/wp\/v2\/pages\/1536","targetHints":{"allow":["GET"]}}],"collection":[{"href":"https:\/\/www.narvikhavn.no\/en\/wp-json\/wp\/v2\/pages"}],"about":[{"href":"https:\/\/www.narvikhavn.no\/en\/wp-json\/wp\/v2\/types\/page"}],"author":[{"embeddable":true,"href":"https:\/\/www.narvikhavn.no\/en\/wp-json\/wp\/v2\/users\/1"}],"replies":[{"embeddable":true,"href":"https:\/\/www.narvikhavn.no\/en\/wp-json\/wp\/v2\/comments?post=1536"}],"version-history":[{"count":1,"href":"https:\/\/www.narvikhavn.no\/en\/wp-json\/wp\/v2\/pages\/1536\/revisions"}],"predecessor-version":[{"id":1546,"href":"https:\/\/www.narvikhavn.no\/en\/wp-json\/wp\/v2\/pages\/1536\/revisions\/1546"}],"up":[{"embeddable":true,"href":"https:\/\/www.narvikhavn.no\/en\/wp-json\/wp\/v2\/pages\/1584"}],"wp:featuredmedia":[{"embeddable":true,"href":"https:\/\/www.narvikhavn.no\/en\/wp-json\/wp\/v2\/media\/1184"}],"wp:attachment":[{"href":"https:\/\/www.narvikhavn.no\/en\/wp-json\/wp\/v2\/media?parent=1536"}],"curies":[{"name":"wp","href":"https:\/\/api.w.org\/{rel}","templated":true}]}}