{"id":1537,"date":"2023-01-16T14:01:23","date_gmt":"2023-01-16T13:01:23","guid":{"rendered":"https:\/\/www.narvikhavn.no\/?page_id=1537"},"modified":"2023-02-07T12:37:58","modified_gmt":"2023-02-07T11:37:58","slug":"motorways-of-the-sea","status":"publish","type":"page","link":"https:\/\/www.narvikhavn.no\/en\/knutepunkt-narvik\/status\/motorways-of-the-sea\/","title":{"rendered":"Motorways of the Sea"},"content":{"rendered":"\n<p>I tillegg anerkjennes den Nordlige Maritime Korridoren som en av EUs viktigste transportkorridorer til naboland. I rapporten defineres denne korridoren inn som en forlengelse av EUs \u201dMotorway of the Sea of Western Europe\u201d og strekker seg fra Nordsj\u00f8en og helt opp til Barentshavet.<\/p>\n\n\n\n<p>Beslutningen er uten tvil sv\u00e6rt viktig. \u00c5 v\u00e6re en \u201dMotorway of the Sea\u201d- havn er litt tilsvarende nasjonalhavn-statusen til Bod\u00f8 og Troms\u00f8, men p\u00e5 et annet niv\u00e5 selvsagt. Det ligger ingen umiddelbare \u00f8konomiske virkemidler tilgjengelig for utvikling av knutepunktet Narvik, inkludert men p\u00e5 den annen side ligger det n\u00e5 et internasjonalt press p\u00e5 b\u00e5de nasjonale og regionale myndigheter for \u00e5 prioritere utviklingen av den nordlige maritime korridoren og Narvik som EU-havn noe som kan f\u00e5 stor betydning p\u00e5 sikt.<\/p>\n","protected":false},"excerpt":{"rendered":"<p>I tillegg anerkjennes den Nordlige Maritime Korridoren som en av EUs viktigste transportkorridorer til naboland. I rapporten defineres denne korridoren inn som en forlengelse av EUs \u201dMotorway of the Sea of Western Europe\u201d og strekker seg fra Nordsj\u00f8en og helt opp til Barentshavet. Beslutningen er uten tvil sv\u00e6rt viktig. \u00c5 v\u00e6re en \u201dMotorway of the [&hellip;]<\/p>\n","protected":false},"author":1,"featured_media":1097,"parent":1584,"menu_order":3,"comment_status":"closed","ping_status":"closed","template":"","meta":{"_acf_changed":false,"inline_featured_image":false,"_monsterinsights_skip_tracking":false,"_monsterinsights_sitenote_active":false,"_monsterinsights_sitenote_note":"","_monsterinsights_sitenote_category":0,"_uf_show_specific_survey":0,"_uf_disable_surveys":false,"footnotes":""},"class_list":["post-1537","page","type-page","status-publish","has-post-thumbnail","hentry"],"acf":[],"aioseo_notices":[],"_links":{"self":[{"href":"https:\/\/www.narvikhavn.no\/en\/wp-json\/wp\/v2\/pages\/1537","targetHints":{"allow":["GET"]}}],"collection":[{"href":"https:\/\/www.narvikhavn.no\/en\/wp-json\/wp\/v2\/pages"}],"about":[{"href":"https:\/\/www.narvikhavn.no\/en\/wp-json\/wp\/v2\/types\/page"}],"author":[{"embeddable":true,"href":"https:\/\/www.narvikhavn.no\/en\/wp-json\/wp\/v2\/users\/1"}],"replies":[{"embeddable":true,"href":"https:\/\/www.narvikhavn.no\/en\/wp-json\/wp\/v2\/comments?post=1537"}],"version-history":[{"count":1,"href":"https:\/\/www.narvikhavn.no\/en\/wp-json\/wp\/v2\/pages\/1537\/revisions"}],"predecessor-version":[{"id":1547,"href":"https:\/\/www.narvikhavn.no\/en\/wp-json\/wp\/v2\/pages\/1537\/revisions\/1547"}],"up":[{"embeddable":true,"href":"https:\/\/www.narvikhavn.no\/en\/wp-json\/wp\/v2\/pages\/1584"}],"wp:featuredmedia":[{"embeddable":true,"href":"https:\/\/www.narvikhavn.no\/en\/wp-json\/wp\/v2\/media\/1097"}],"wp:attachment":[{"href":"https:\/\/www.narvikhavn.no\/en\/wp-json\/wp\/v2\/media?parent=1537"}],"curies":[{"name":"wp","href":"https:\/\/api.w.org\/{rel}","templated":true}]}}