{"id":1541,"date":"2023-01-09T10:16:51","date_gmt":"2023-01-09T09:16:51","guid":{"rendered":"https:\/\/www.narvikhavn.no\/?page_id=1541"},"modified":"2023-02-23T14:01:11","modified_gmt":"2023-02-23T13:01:11","slug":"halogaland-naeringspark","status":"publish","type":"page","link":"https:\/\/www.narvikhavn.no\/en\/eiendom-og-areal\/land-planning\/halogaland-naeringspark\/","title":{"rendered":"H\u00e5logaland Business park"},"content":{"rendered":"\n<p>Narvik kommune og Narvik havn skal sammen med L\u00f8dingen kommune og havn bygge opp et stort n\u00e6ringsomr\u00e5de p\u00e5 K\u00e5ringen i L\u00f8dingen. Store mengder oppdrettsfisk og annen sj\u00f8mat skal herifra bli fraktet med b\u00e5t til Narvik.<\/p>\n\n\n\n<p>\u2013 Om alt klaffer kan vi v\u00e6re i gang med de nye transportene en gang i l\u00f8pet av 2026 eller 2027. For Narvik sin del er dette en viktig del av v\u00e5r langsiktige strategi om \u00e5 bygge opp under havna og transporter p\u00e5 Ofotbanen. For L\u00f8dingen vil dette forh\u00e5pentligvis ganske raskt kunne gi nye arbeidsplasser, sier havnedirekt\u00f8r B\u00f8rge Edvardsen Klingan.<\/p>\n\n\n\n<h2 class=\"wp-block-heading\">N\u00e6r 100 millioner<\/h2>\n\n\n\n<p>Fredag signerte Narvik-ordf\u00f8rer Rune Edvardsen og L\u00f8dingen-ordf\u00f8rer Hugo Jacobsen avtalen om at de to kommunene sammen skal utvikle H\u00e5logaland n\u00e6ringspark p\u00e5 K\u00e5ringen i L\u00f8dingen.<\/p>\n\n\n\n<p>F\u00f8rste byggetrinn vil representere en investering p\u00e5 opp mot 100 millioner kroner.<\/p>\n\n\n\n<p>\u2013 Dette er en stor dag som vi har sett frem til for b\u00e5de Narvik og L\u00f8dingen. K\u00e5ringen vil bli et viktig trafikknutepunkt for hele denne storregionen, sa de to da de satte pennen til papiret som skal s\u00f8rge for at det blir skapt viktige verdier.<\/p>\n\n\n\n<p>Fra gammelt var Narvik og L\u00f8dingen naboer med relativt mye kontakt, blant annet gjennom lokalb\u00e5ten Skog\u00f8y. I nyere tid er K\u00e5ringen for den gjengse narvikv\u00e6ring sterkest i fokus som del av en krevende veistrekning, spesielt vinterstid. N\u00e5 skal K\u00e5ringen p\u00e5 nytt gj\u00f8re L\u00f8dingen sentral for Narvik via sj\u00f8en.<\/p>\n\n\n\n<p>\u2013 Gjennom \u00e5 utvikle H\u00e5logaland n\u00e6ringspark, blant annet med kai, ser vi for oss at et sted mellom 5.000 og 10.000 trailere med fisk i den ene retningen og andre varer den andre retningen kan laste og losse her i K\u00e5ringen.<\/p>\n\n\n\n<p>\u2013 Autonome b\u00e5ter skal v\u00e6re forbindelsen mellom K\u00e5ringen og havna og jernbaneterminalen inne i Narvik, forteller havnesjef Arnold Aalmo og styreleder i L\u00f8dingen havn, J\u00f8rn-Bjarne Johansen.<\/p>\n\n\n\n<p>En autonom b\u00e5t driftes helt eller delvis uten mannskap.<\/p>\n\n\n\n<p><a href=\"https:\/\/www.fremover.no\/narvik-storsatser-i-lodingen-som-a-ha-vunnet-i-lotto\/s\/5-17-1042980\" title=\"\">Fremover.no &#8211; Narvik storsatser i L\u00f8dingen: \u2013 Som \u00e5 ha vunnet i Lotto<\/a><\/p>\n","protected":false},"excerpt":{"rendered":"<p>Narvik kommune og Narvik havn skal sammen med L\u00f8dingen kommune og havn bygge opp et stort n\u00e6ringsomr\u00e5de p\u00e5 K\u00e5ringen i L\u00f8dingen. Store mengder oppdrettsfisk og annen sj\u00f8mat skal herifra bli fraktet med b\u00e5t til Narvik. \u2013 Om alt klaffer kan vi v\u00e6re i gang med de nye transportene en gang i l\u00f8pet av 2026 eller [&hellip;]<\/p>\n","protected":false},"author":1,"featured_media":1303,"parent":1538,"menu_order":4,"comment_status":"closed","ping_status":"closed","template":"","meta":{"_acf_changed":false,"inline_featured_image":false,"_monsterinsights_skip_tracking":false,"_monsterinsights_sitenote_active":false,"_monsterinsights_sitenote_note":"","_monsterinsights_sitenote_category":0,"_uf_show_specific_survey":0,"_uf_disable_surveys":false,"footnotes":""},"class_list":["post-1541","page","type-page","status-publish","has-post-thumbnail","hentry"],"acf":[],"aioseo_notices":[],"_links":{"self":[{"href":"https:\/\/www.narvikhavn.no\/en\/wp-json\/wp\/v2\/pages\/1541","targetHints":{"allow":["GET"]}}],"collection":[{"href":"https:\/\/www.narvikhavn.no\/en\/wp-json\/wp\/v2\/pages"}],"about":[{"href":"https:\/\/www.narvikhavn.no\/en\/wp-json\/wp\/v2\/types\/page"}],"author":[{"embeddable":true,"href":"https:\/\/www.narvikhavn.no\/en\/wp-json\/wp\/v2\/users\/1"}],"replies":[{"embeddable":true,"href":"https:\/\/www.narvikhavn.no\/en\/wp-json\/wp\/v2\/comments?post=1541"}],"version-history":[{"count":2,"href":"https:\/\/www.narvikhavn.no\/en\/wp-json\/wp\/v2\/pages\/1541\/revisions"}],"predecessor-version":[{"id":1873,"href":"https:\/\/www.narvikhavn.no\/en\/wp-json\/wp\/v2\/pages\/1541\/revisions\/1873"}],"up":[{"embeddable":true,"href":"https:\/\/www.narvikhavn.no\/en\/wp-json\/wp\/v2\/pages\/1538"}],"wp:featuredmedia":[{"embeddable":true,"href":"https:\/\/www.narvikhavn.no\/en\/wp-json\/wp\/v2\/media\/1303"}],"wp:attachment":[{"href":"https:\/\/www.narvikhavn.no\/en\/wp-json\/wp\/v2\/media?parent=1541"}],"curies":[{"name":"wp","href":"https:\/\/api.w.org\/{rel}","templated":true}]}}