{"id":1582,"date":"2023-01-09T19:01:03","date_gmt":"2023-01-09T18:01:03","guid":{"rendered":"https:\/\/www.narvikhavn.no\/?page_id=1582"},"modified":"2023-03-08T09:08:04","modified_gmt":"2023-03-08T08:08:04","slug":"logistikk-knutepunkt","status":"publish","type":"page","link":"https:\/\/www.narvikhavn.no\/en\/knutepunkt-narvik\/logistikk-knutepunkt\/","title":{"rendered":"Logistikk-knutepunkt"},"content":{"rendered":"\n<p>I dag kommer s\u00e5 mye som 90 prosent av alle dagligvarer som selges nord for Saltfjellet via Ofotbanen. Noe av suksessen til godstogene som g\u00e5r til Narvik er at de har oppn\u00e5dd den viktige retningsbalansen p\u00e5 togstrekningen. Det betyr at de frakter varer begge veier, for p\u00e5 returen fra nord er det i hovedsak fersk fisk som bidrar til denne retningsbalansen.<\/p>\n\n\n\n<h2 class=\"wp-block-heading\"><strong>Knutepunktet Narvik havn<\/strong><\/h2>\n\n\n\n<p>Narvikterminalen er knyttet til E6, E10, Ofotbanen\/Malmbanen og hovedleden for sj\u00f8fart. Stamflyplassen er Harstad\/Narvik Lufthavn, Evenes.<\/p>\n\n\n\n<p>Havnen har ingen dybdebegrensninger for skip, er isfri hele \u00e5ret og ligger godt beskyttet for v\u00e6r og vind.<\/p>\n\n\n\n<ul class=\"wp-block-list\">\n<li>Jernbanen er p\u00e5 kaikanten.<\/li>\n\n\n\n<li>Godstrafikken, med unntak av malmtransportene, er i hovedsaken&nbsp;kombinasjon mellom bil og bane.&nbsp; &nbsp; &nbsp; &nbsp; &nbsp; &nbsp; &nbsp; &nbsp; &nbsp; &nbsp; &nbsp; &nbsp;&nbsp;<\/li>\n\n\n\n<li>Stort potensiale for overf\u00f8ring til sj\u00f8.<\/li>\n<\/ul>\n\n\n\n<h2 class=\"wp-block-heading\"><strong>Internasjonal korridorer<\/strong><\/h2>\n\n\n\n<p>Narvik havn er knyttet til internasjonale korridorer via:<\/p>\n\n\n\n<ul class=\"wp-block-list\">\n<li>TEN-T (Trans European Network Transport), Core Network. Som en av to havner i Norge.<\/li>\n\n\n\n<li>Norther Dimension, Partnerskip on Transport and Logistics; NDTPL Regional Transport Network.<\/li>\n\n\n\n<li>The Northern Axis.<\/li>\n<\/ul>\n\n\n\n<p>Det er derfor viktig at Nasjonal infrastruktur m\u00e5 knyttes til internasjonale korridorer.<\/p>\n\n\n\n<h2 class=\"wp-block-heading\"><strong>Narvikterminalen er logistikknavet for godsdistribusjon for Nord-Norge.<\/strong><\/h2>\n\n\n\n<p>Ofotbanen er nav og livsnerve for varedistribusjon for Nord-Norge. Transportsystemet er en fundamental konkurransefaktor for n\u00e6ringslivet. Ombygging av Narvikterminalen har stabilitet for&nbsp;godsdistribusjon.<\/p>\n","protected":false},"excerpt":{"rendered":"<p>I dag kommer s\u00e5 mye som 90 prosent av alle dagligvarer som selges nord for Saltfjellet via Ofotbanen. Noe av suksessen til godstogene som g\u00e5r til Narvik er at de har oppn\u00e5dd den viktige retningsbalansen p\u00e5 togstrekningen. Det betyr at de frakter varer begge veier, for p\u00e5 returen fra nord er det i hovedsak fersk [&hellip;]<\/p>\n","protected":false},"author":1,"featured_media":1267,"parent":1492,"menu_order":0,"comment_status":"closed","ping_status":"closed","template":"template-subpage.php","meta":{"_acf_changed":false,"inline_featured_image":false,"_monsterinsights_skip_tracking":false,"_monsterinsights_sitenote_active":false,"_monsterinsights_sitenote_note":"","_monsterinsights_sitenote_category":0,"_uf_show_specific_survey":0,"_uf_disable_surveys":false,"footnotes":""},"class_list":["post-1582","page","type-page","status-publish","has-post-thumbnail","hentry"],"acf":[],"aioseo_notices":[],"_links":{"self":[{"href":"https:\/\/www.narvikhavn.no\/en\/wp-json\/wp\/v2\/pages\/1582","targetHints":{"allow":["GET"]}}],"collection":[{"href":"https:\/\/www.narvikhavn.no\/en\/wp-json\/wp\/v2\/pages"}],"about":[{"href":"https:\/\/www.narvikhavn.no\/en\/wp-json\/wp\/v2\/types\/page"}],"author":[{"embeddable":true,"href":"https:\/\/www.narvikhavn.no\/en\/wp-json\/wp\/v2\/users\/1"}],"replies":[{"embeddable":true,"href":"https:\/\/www.narvikhavn.no\/en\/wp-json\/wp\/v2\/comments?post=1582"}],"version-history":[{"count":5,"href":"https:\/\/www.narvikhavn.no\/en\/wp-json\/wp\/v2\/pages\/1582\/revisions"}],"predecessor-version":[{"id":1947,"href":"https:\/\/www.narvikhavn.no\/en\/wp-json\/wp\/v2\/pages\/1582\/revisions\/1947"}],"up":[{"embeddable":true,"href":"https:\/\/www.narvikhavn.no\/en\/wp-json\/wp\/v2\/pages\/1492"}],"wp:featuredmedia":[{"embeddable":true,"href":"https:\/\/www.narvikhavn.no\/en\/wp-json\/wp\/v2\/media\/1267"}],"wp:attachment":[{"href":"https:\/\/www.narvikhavn.no\/en\/wp-json\/wp\/v2\/media?parent=1582"}],"curies":[{"name":"wp","href":"https:\/\/api.w.org\/{rel}","templated":true}]}}