{"id":2293,"date":"2024-03-11T13:03:37","date_gmt":"2024-03-11T12:03:37","guid":{"rendered":"https:\/\/www.narvikhavn.no\/about-narvik-havn\/havnestyret\/"},"modified":"2026-03-04T21:34:21","modified_gmt":"2026-03-04T20:34:21","slug":"havnestyret","status":"publish","type":"page","link":"https:\/\/www.narvikhavn.no\/en\/about-narvik-havn\/havnestyret\/","title":{"rendered":"Havnestyret"},"content":{"rendered":"\n<p>Se oversikt over havnestyrets medlemmer p\u00e5 <a href=\"https:\/\/www.proff.no\/roller\/narvik-havn-kf\/narvik\/transport\/IG4D40R08ND\" title=\"\">proff.no<\/a><\/p>\n\n<h2 class=\"wp-block-heading\">M\u00f8tekalender med saksdokumenter<\/h2>\n\n<h3 class=\"wp-block-heading\">Havnestyrem\u00f8ter <\/h3>\n\n<p><strong>15. desember 2026<\/strong><br\/>Saksdokumenter og protokoll<\/p>\n\n<p><strong>17. november 2026<\/strong><br\/>Saksdokumenter og protokoll<\/p>\n\n<p><strong>13. oktober 2026<\/strong><br\/>Saksdokumenter og protokoll<\/p>\n\n<p><strong>25. august 2026<\/strong><br\/>Saksdokumenter og protokoll<\/p>\n\n<p><strong>09. juni 2026<\/strong><br\/>Saksdokumenter og protokoll<\/p>\n\n<p><strong>21. april 2026<\/strong><br\/>Saksdokumenter og protokoll<\/p>\n\n<p><strong>10. mars 2026<\/strong><br\/><a href=\"https:\/\/www.narvikhavn.no\/wp-content\/uploads\/2026\/03\/2026-03-04_15-36-57_FINAL-Boardbook.pdf\" target=\"_blank\" rel=\"noopener\" title=\"\">Saksdokumenter<\/a> og protokoll<\/p>\n\n<p><strong>25. februar 2026<\/strong><br\/>Saksdokumenter og <a href=\"https:\/\/www.narvikhavn.no\/wp-content\/uploads\/2026\/03\/Protokoll_Havnestyremote-pa-teams_250226.pdf\" title=\"\">protokoll<\/a><\/p>\n\n<p><strong>17. februar 2026<\/strong><br\/><a href=\"https:\/\/www.narvikhavn.no\/wp-content\/uploads\/2026\/02\/Havnestyremote-17-februar-2026.pdf\" target=\"_blank\" rel=\"noopener\" title=\"\">Saksdokumenter <\/a>og protokoll<\/p>\n\n<p><strong>16. desember 2025<\/strong><br\/><a href=\"https:\/\/www.narvikhavn.no\/wp-content\/uploads\/2025\/12\/2025-12-10_15-43-10_FINAL-Boardbook.pdf\" target=\"_blank\" rel=\"noopener\" title=\"\">Saksdokumenter<\/a> og <a href=\"https:\/\/www.narvikhavn.no\/wp-content\/uploads\/2026\/02\/protokoll-havnestyremote-16-desember-2025.pdf\" target=\"_blank\" rel=\"noopener\" title=\"\">protokoll<\/a><\/p>\n\n<p><strong>11. november 2025<\/strong><br\/><a href=\"https:\/\/www.narvikhavn.no\/wp-content\/uploads\/2025\/11\/2025-11-05_14-46-41_FINAL-Boardbook.pdf\" target=\"_blank\" rel=\"noopener\" title=\"\">Saksdokumenter<\/a> og <a href=\"https:\/\/www.narvikhavn.no\/wp-content\/uploads\/2026\/02\/Protokoll_Havnestyremote_111125.pdf\" target=\"_blank\" rel=\"noopener\" title=\"\">protokoll<\/a><\/p>\n\n<p><strong>14. oktober 2025<\/strong><br\/><a href=\"https:\/\/www.narvikhavn.no\/wp-content\/uploads\/2025\/10\/2025-10-13_11-28-37_FINAL-Boardbook.pdf\" target=\"_blank\" rel=\"noopener\" title=\"\">Saksdokumenter <\/a>og <a href=\"https:\/\/www.narvikhavn.no\/wp-content\/uploads\/2025\/11\/Protokoll_Havnestyremote_141025.pdf\" target=\"_blank\" rel=\"noopener\" title=\"\">protokoll<\/a><\/p>\n\n<p><strong>17. september 2025<\/strong><br\/><a href=\"https:\/\/www.narvikhavn.no\/wp-content\/uploads\/2025\/09\/2025-09-11_13-34-28_FINAL-Boardbook.pdf\" target=\"_blank\" rel=\"noopener\" title=\"\">Saksdokumenter<\/a> og <a href=\"https:\/\/www.narvikhavn.no\/wp-content\/uploads\/2025\/10\/NH25-44-protokoll-styremote-17-september.pdf\" target=\"_blank\" rel=\"noopener\" title=\"\">protokoll<\/a><\/p>\n\n<p><strong>26. august 2025<\/strong><br\/><a href=\"https:\/\/www.narvikhavn.no\/wp-content\/uploads\/2025\/08\/2025-08-21_18-13-55_FINAL-Boardbook.pdf\" target=\"_blank\" rel=\"noopener\" title=\"\">Saksdokumenter<\/a> og <a href=\"https:\/\/www.narvikhavn.no\/wp-content\/uploads\/2025\/10\/Protokoll_Havnestyremote_260825.pdf\" target=\"_blank\" rel=\"noopener\" title=\"\">protokoll<\/a><\/p>\n\n<p><strong>16. juni 2025<\/strong><br\/><a href=\"https:\/\/www.narvikhavn.no\/wp-content\/uploads\/2025\/06\/2025-06-13_12-00-50_FINAL-Boardbook_red1.pdf\" target=\"_blank\" rel=\"noopener\" title=\"\">Saksdokumenter<\/a> og <a href=\"https:\/\/www.narvikhavn.no\/wp-content\/uploads\/2025\/06\/Protokoll_Havnestyremote_170625.pdf\" target=\"_blank\" rel=\"noopener\" title=\"\">protokoll<\/a><\/p>\n\n<p><strong>06. mai 2025<\/strong><br\/><a href=\"https:\/\/www.narvikhavn.no\/wp-content\/uploads\/2025\/05\/2025-04-30_15-52-22_FINAL-Boardbook.pdf\" target=\"_blank\" rel=\"noopener\" title=\"\">Saksdokumenter<\/a> og <a href=\"https:\/\/www.narvikhavn.no\/wp-content\/uploads\/2025\/05\/Protokoll_Havnestyremote_060525.pdf\" target=\"_blank\" rel=\"noopener\" title=\"\">protokoll<\/a><\/p>\n\n<p><strong>09. april 2025<\/strong><br\/><a href=\"https:\/\/www.narvikhavn.no\/wp-content\/uploads\/2025\/04\/2025-04-09_10-11-47_FINAL-Boardbook.pdf\" target=\"_blank\" rel=\"noopener\" title=\"\">Saksdokumenter<\/a> og <a href=\"https:\/\/www.narvikhavn.no\/wp-content\/uploads\/2025\/04\/Protokoll_Havnestyremote_09042025.pdf\" target=\"_blank\" rel=\"noopener\" title=\"\">protokoll<\/a><\/p>\n\n<p><strong>18. februar 2025<\/strong><br\/><a href=\"https:\/\/www.narvikhavn.no\/wp-content\/uploads\/2025\/02\/2025-02-14_15-02-54_FINAL-Boardbook.pdf\" target=\"_blank\" rel=\"noopener\" title=\"\">Saksdokumente<\/a><a href=\"https:\/\/www.narvikhavn.no\/wp-content\/uploads\/2025\/02\/2025-02-14_15-02-54_FINAL-Boardbook.pdf\" title=\"\">r<\/a> og <a href=\"https:\/\/www.narvikhavn.no\/wp-content\/uploads\/2025\/03\/NH25-12-Protokoll-fra-styremote-18-feb-2025.pdf\" target=\"_blank\" rel=\"noopener\" title=\"\">protokoll<\/a><\/p>\n\n<p><strong>10. desember 2024<\/strong> <br\/><a href=\"https:\/\/www.narvikhavn.no\/wp-content\/uploads\/2024\/12\/2024-12-03_16-12-12_FINAL-Boardbook.pdf\" target=\"_blank\" rel=\"noopener\" title=\"\">Saksdokumenter<\/a> og <a href=\"https:\/\/www.narvikhavn.no\/wp-content\/uploads\/2025\/02\/Protokoll_Havnestyremote_101224.pdf\" target=\"_blank\" rel=\"noopener\" title=\"\">protokoll<\/a><\/p>\n\n<p><strong>12. november 2024<\/strong><br\/><a href=\"https:\/\/www.narvikhavn.no\/wp-content\/uploads\/2024\/11\/2024-11-12_FINAL_Boardbook.pdf\" target=\"_blank\" rel=\"noopener\" title=\"\">Saksdokumenter<\/a> og <a href=\"https:\/\/www.narvikhavn.no\/wp-content\/uploads\/2025\/02\/Protokoll_Havnestyretmote_121124.pdf\" target=\"_blank\" rel=\"noopener\" title=\"\">protokoll<\/a><\/p>\n\n<p><strong>15. oktober 2024<\/strong><br\/><a href=\"https:\/\/www.narvikhavn.no\/wp-content\/uploads\/2025\/01\/2024-10-15_FINAL-Boardbook_1.pdf\" target=\"_blank\" rel=\"noopener\" title=\"\">Saksdokumenter<\/a> og <a href=\"https:\/\/www.narvikhavn.no\/wp-content\/uploads\/2024\/11\/Protokoll_Havnestyremote_151024.pdf\" target=\"_blank\" rel=\"noopener\" title=\"\">protokoll<\/a><\/p>\n\n<p><strong>25. september 2024<\/strong><br\/>Saksdokumenter (unntatt offentlighet) og <a href=\"https:\/\/www.narvikhavn.no\/wp-content\/uploads\/2024\/10\/Protokoll_Havnestyremote_250924.pdf\" target=\"_blank\" rel=\"noopener\" title=\"\">protokoll<\/a><\/p>\n\n<p><strong>27. august 2024<\/strong><br\/><a href=\"https:\/\/www.narvikhavn.no\/wp-content\/uploads\/2024\/10\/27-august-motebok.pdf\" target=\"_blank\" rel=\"noopener\" title=\"\">Saksdokumenter<\/a> og <a href=\"https:\/\/www.narvikhavn.no\/wp-content\/uploads\/2024\/10\/27-august-protokoll.pdf\" target=\"_blank\" rel=\"noopener\" title=\"\">protokoll<\/a><\/p>\n\n<p><strong>3. juni 2024<\/strong><br\/><a href=\"https:\/\/www.narvikhavn.no\/wp-content\/uploads\/2024\/06\/2024-06-03_09-02-31_FINAL-Boardbook_ugradert.pdf\" target=\"_blank\" rel=\"noopener\" title=\"\">Saksdokumenter<\/a> og <a href=\"https:\/\/www.narvikhavn.no\/wp-content\/uploads\/2024\/10\/Protokoll_Havnestyremote_030624.pdf\" target=\"_blank\" rel=\"noopener\" title=\"\">protokoll<\/a><\/p>\n\n<p><strong>7. mai 2024<\/strong><br\/><a href=\"https:\/\/www.narvikhavn.no\/wp-content\/uploads\/2024\/05\/2024-05-03_14-49-13_FINAL-Boardbook.pdf\" target=\"_blank\" rel=\"noopener\" title=\"\">Saksdokumenter<\/a> og <a href=\"https:\/\/www.narvikhavn.no\/wp-content\/uploads\/2024\/10\/Protokoll_Havnestyremote_070524.pdf\" target=\"_blank\" rel=\"noopener\" title=\"\">protokoll<\/a><\/p>\n\n<p><strong>15. mars 2024<\/strong><br\/><a href=\"https:\/\/www.narvikhavn.no\/wp-content\/uploads\/2024\/03\/2024-03-13_09-08-09_FINAL-Boardbook.pdf\" target=\"_blank\" rel=\"noopener\" title=\"Saksdokumenter\">Saksdokumenter<\/a> og <a href=\"https:\/\/www.narvikhavn.no\/wp-content\/uploads\/2024\/05\/Protokoll_Havnestyremote_150324.pdf\" target=\"_blank\" rel=\"noopener\" title=\"\">protokoll<\/a><\/p>\n\n<p><strong>1. mars 2024<\/strong><br\/><a href=\"https:\/\/www.narvikhavn.no\/wp-content\/uploads\/2024\/03\/2024-03-04_11-51-32_FINAL-Boardbook.pdf\" target=\"_blank\" rel=\"noopener\" title=\"\">Saksdokumenter<\/a> og <a href=\"https:\/\/www.narvikhavn.no\/wp-content\/uploads\/2024\/05\/Protokoll_Havnestyremote_010324.pdf\" target=\"_blank\" rel=\"noopener\" title=\"\">protokoll<\/a><\/p>\n\n<p><strong>16. februar 2024<\/strong><br\/><a href=\"https:\/\/www.narvikhavn.no\/wp-content\/uploads\/2024\/03\/2024-02-16_09-20-33_FINAL-Boardbook.pdf\" target=\"_blank\" rel=\"noopener\" title=\"\">Saksdokumenter<\/a> og <a href=\"https:\/\/www.narvikhavn.no\/wp-content\/uploads\/2024\/05\/Protokoll_Havnestyremote_160224.pdf\" target=\"_blank\" rel=\"noopener\" title=\"\">protokoll<\/a><\/p>\n\n<p><\/p>\n","protected":false},"excerpt":{"rendered":"<p>Se oversikt over havnestyrets medlemmer p\u00e5 proff.no M\u00f8tekalender med saksdokumenter Havnestyrem\u00f8ter 15. desember 2026Saksdokumenter og protokoll 17. november 2026Saksdokumenter og protokoll 13. oktober 2026Saksdokumenter og protokoll 25. august 2026Saksdokumenter og protokoll 09. juni 2026Saksdokumenter og protokoll 21. april 2026Saksdokumenter og protokoll 10. mars 2026Saksdokumenter og protokoll 25. februar 2026Saksdokumenter og protokoll 17. februar 2026Saksdokumenter og [&hellip;]<\/p>\n","protected":false},"author":1,"featured_media":0,"parent":1528,"menu_order":0,"comment_status":"closed","ping_status":"closed","template":"","meta":{"_acf_changed":false,"inline_featured_image":false,"_monsterinsights_skip_tracking":false,"_monsterinsights_sitenote_active":false,"_monsterinsights_sitenote_note":"","_monsterinsights_sitenote_category":0,"_uf_show_specific_survey":0,"_uf_disable_surveys":false,"footnotes":""},"class_list":["post-2293","page","type-page","status-publish","hentry"],"acf":[],"aioseo_notices":[],"_links":{"self":[{"href":"https:\/\/www.narvikhavn.no\/en\/wp-json\/wp\/v2\/pages\/2293","targetHints":{"allow":["GET"]}}],"collection":[{"href":"https:\/\/www.narvikhavn.no\/en\/wp-json\/wp\/v2\/pages"}],"about":[{"href":"https:\/\/www.narvikhavn.no\/en\/wp-json\/wp\/v2\/types\/page"}],"author":[{"embeddable":true,"href":"https:\/\/www.narvikhavn.no\/en\/wp-json\/wp\/v2\/users\/1"}],"replies":[{"embeddable":true,"href":"https:\/\/www.narvikhavn.no\/en\/wp-json\/wp\/v2\/comments?post=2293"}],"version-history":[{"count":38,"href":"https:\/\/www.narvikhavn.no\/en\/wp-json\/wp\/v2\/pages\/2293\/revisions"}],"predecessor-version":[{"id":2997,"href":"https:\/\/www.narvikhavn.no\/en\/wp-json\/wp\/v2\/pages\/2293\/revisions\/2997"}],"up":[{"embeddable":true,"href":"https:\/\/www.narvikhavn.no\/en\/wp-json\/wp\/v2\/pages\/1528"}],"wp:attachment":[{"href":"https:\/\/www.narvikhavn.no\/en\/wp-json\/wp\/v2\/media?parent=2293"}],"curies":[{"name":"wp","href":"https:\/\/api.w.org\/{rel}","templated":true}]}}